{"id":138,"date":"2015-09-04T10:51:36","date_gmt":"2015-09-04T14:51:36","guid":{"rendered":"https:\/\/www.biblioexpert.com\/?page_id=138"},"modified":"2023-08-29T20:07:30","modified_gmt":"2023-08-30T00:07:30","slug":"classification-bibliotheque","status":"publish","type":"page","link":"https:\/\/www.biblioexpert.com\/en\/classification-bibliotheque\/","title":{"rendered":"Suivez le guide!"},"content":{"rendered":"[vc_row style=&#8221;padding-bottom:0 !important&#8221;][vc_column width=&#8221;1\/1&#8243;]<h1  class=\"h-custom-headline special center-text h3 accent\" ><span>\n<p><img loading=\"lazy\" class=\"alignnone size-full wp-image-139\" src=\"https:\/\/www.biblioexpert.com\/wp-content\/uploads\/2015\/09\/logo_suivezguide.jpg\" alt=\"Suivez le guide\" width=\"200\" height=\"80\" srcset=\"https:\/\/www.biblioexpert.com\/wp-content\/uploads\/2015\/09\/logo_suivezguide.jpg 200w, https:\/\/www.biblioexpert.com\/wp-content\/uploads\/2015\/09\/logo_suivezguide-100x40.jpg 100w\" sizes=\"(max-width: 200px) 100vw, 200px\" \/><\/p>\n<\/span><\/h1><h3  class=\"h-custom-headline center-text h4\" ><span>Une solution simple et efficace au rep\u00e9rage<br \/>\ndes documents sur les rayons.<\/span><\/h3>[\/vc_column][\/vc_row][vc_row][vc_column width=&#8221;1\/1&#8243;]<img  class=\"x-img\"  src=\"https:\/\/www.biblioexpert.com\/wp-content\/uploads\/2021\/12\/PhotosSGdu-RollUp.jpg\" ><h5><strong>Suivez le Guide!<\/strong> est une signalisation illustr\u00e9e conforme \u00e0 la classification d\u00e9cimale Dewey*, pour adultes, adolescents, enfants de 8 ans et +.\u00a0 Maintenant offerte en format fichiers num\u00e9riques \u00e0 imprimer vous-m\u00eames ou en version papier.<\/h5>\n<p>&nbsp;<\/p>\n<pre><span style=\"font-size: 11.0pt; font-family: Verdana;\">Le succ\u00e8s de votre biblioth\u00e8que<\/span><span style=\"font-size: 11.0pt; font-family: Verdana;\"> repose sur l\u2019ambiance que vous y cr\u00e9ez.\u00a0 Attirez votre client\u00e8le en lui facilitant la recherche documentaire. Offrez- lui le plaisir de l\u2019autonomie tout en favorisant l\u2019apprentissage de la Classification D\u00e9cimale Dewey*.\u00a0 On dit qu\u2019une image vaut 1000 mots ! \u00a0et nous ajoutons \u00e0 cet adage, vaut aussi 100 suggestions et 10 conseils.\u00a0 Parce que votre client\u00e8le devient plus autonome, vous \u00e9conomisez donc du temps et des \u00e9nergies pour mieux vous consacrer \u00e0 d\u2019autres projets enrichissants.<\/span><\/pre>\n[\/vc_column][\/vc_row][vc_row style=&#8221;padding-top:0 !important&#8221;][vc_column width=&#8221;1\/2&#8243;]<p><span style=\"font-size: 11.0pt; font-family: Verdana;\">Avez-vous d\u00e9j\u00e0 observ\u00e9 le d\u00e9sarroi d\u2019une personne qui cherche un document dans une all\u00e9e de dos de livres entass\u00e9s en sardines ?\u00a0\u00a0 L\u2019exposition d\u2019un livre class\u00e9 se r\u00e9sume \u00e0 son \u00e9paisseur par sa hauteur; rien de bien attirant!\u00a0 <em><b>Un indice significatif<\/b><\/em> sur le rebord de tablette et au dessus de la section <em><b>s\u2019impose.<\/b><\/em><\/span><\/p>\n<p><em><b><span style=\"font-size: 11.0pt; font-family: Verdana;\">R\u00e9animez <\/span><\/b><\/em><span style=\"font-size: 11.0pt; font-family: Verdana;\">vos mornes murs de dos de livres en y ajoutant de la vie en couleur <strong>par les images significatives de<\/strong> <strong>Suivez le Guide!<\/strong> qui accompagne efficacement la Classification D\u00e9cimale Dewey*.<\/span><\/p>\n[\/vc_column][vc_column width=&#8221;1\/2&#8243;]<p><em><b><span style=\"font-size: 11.0pt; font-family: Verdana;\">B\u00e9n\u00e9ficiez des avantages exceptionnels<\/span><\/b><\/em><span style=\"font-size: 11.0pt; font-family: Verdana;\"> de ces outils de communication visuelle pour former vos \u00e9l\u00e8ves, vos clients et votre personnel b\u00e9n\u00e9vole.\u00a0 De plus, <em><b>l\u2019installation<\/b><\/em> de ce mat\u00e9riel compl\u00e9mentaire \u00e0 la Classification D\u00e9cimale Dewey* <em><b>est un jeu d\u2019enfant<\/b><\/em>.\u00a0 En quelques heures \u00e0 peine, votre labyrinthe des recherches se transforme en amusant et relaxant terrain de jeux.<\/span><\/p>\n<p><em><b><span style=\"font-size: 11.0pt; font-family: Verdana;\">Investissez dans le succ\u00e8s <\/span><\/b><\/em><span style=\"font-size: 11.0pt; font-family: Verdana;\">de votre biblioth\u00e8que et <em><b>am\u00e9liorez votre qualit\u00e9 de vie au travail<\/b><\/em> tout en offrant <em><b>d\u00e9tente et plaisir<\/b><\/em> \u00e0 votre client\u00e8le.<\/span><\/p>\n[\/vc_column][\/vc_row][vc_row style=&#8221;padding-top:0 !important; padding-bottom:0 !important&#8221;][vc_column width=&#8221;1\/1&#8243;]<h2  class=\"h-custom-headline h3\" ><span>\n<p style=\"text-align: center;\">Produits vedettes\u00a0\u00abSuivez \u00a0le guide\u00bb<\/p>\n<\/span><\/h2><hr  class=\"x-gap\" style=\"margin: 25px 0 0 0;\"><div class=\"woocommerce columns-4 \"><\/div>[vc_btn title=&#8221;Voir tous les produits Suivez le guide&#8221; color=&#8221;warning&#8221; size=&#8221;lg&#8221; align=&#8221;center&#8221; link=&#8221;url:%2Fcategorie-produit%2Fsuivez-le-guide%2F||&#8221;][\/vc_column][\/vc_row][vc_row][vc_column width=&#8221;1\/1&#8243;]<div  class=\"x-alert x-alert-info x-alert-block\" >\n<p>* DEWEY et la CLASSIFICATION DECIMALE DEWEY sont des marques de commerce, propri\u00e9t\u00e9 de OCLC Online Computer Library Centre Inc.<\/p>\n<\/div>[\/vc_column][\/vc_row]\n","protected":false},"excerpt":{"rendered":"<p>[vc_row style=&#8221;padding-bottom:0 !important&#8221;][vc_column width=&#8221;1\/1&#8243;][\/vc_column][\/vc_row][vc_row][vc_column width=&#8221;1\/1&#8243;][\/vc_column][\/vc_row][vc_row style=&#8221;padding-top:0 !important&#8221;][vc_column width=&#8221;1\/2&#8243;][\/vc_column][vc_column width=&#8221;1\/2&#8243;][\/vc_column][\/vc_row][vc_row style=&#8221;padding-top:0 !important; padding-bottom:0 !important&#8221;][vc_column width=&#8221;1\/1&#8243;][vc_btn title=&#8221;Voir tous les produits Suivez le guide&#8221; color=&#8221;warning&#8221; size=&#8221;lg&#8221; align=&#8221;center&#8221; link=&#8221;url:%2Fcategorie-produit%2Fsuivez-le-guide%2F||&#8221;][\/vc_column][\/vc_row][vc_row][vc_column width=&#8221;1\/1&#8243;][\/vc_column][\/vc_row]<\/p>\n","protected":false},"author":5,"featured_media":0,"parent":0,"menu_order":25,"comment_status":"closed","ping_status":"closed","template":"template-blank-1.php","meta":[],"yoast_head":"<!-- This site is optimized with the Yoast SEO plugin v18.5.1 - https:\/\/yoast.com\/wordpress\/plugins\/seo\/ -->\n<title>Biblio Expert - Classement de biblioth\u00e8que Suivez le guide<\/title>\n<meta name=\"robots\" content=\"index, follow, max-snippet:-1, max-image-preview:large, max-video-preview:-1\" \/>\n<link rel=\"canonical\" href=\"https:\/\/www.biblioexpert.com\/classification-bibliotheque\/\" \/>\n<meta property=\"og:locale\" content=\"en_US\" \/>\n<meta property=\"og:type\" content=\"article\" \/>\n<meta property=\"og:title\" content=\"Biblio Expert - Classement de biblioth\u00e8que Suivez le guide\" \/>\n<meta property=\"og:description\" content=\"[vc_row style=&#8221;padding-bottom:0 !important&#8221;][vc_column width=&#8221;1\/1&#8243;][\/vc_column][\/vc_row][vc_row][vc_column width=&#8221;1\/1&#8243;][\/vc_column][\/vc_row][vc_row style=&#8221;padding-top:0 !important&#8221;][vc_column width=&#8221;1\/2&#8243;][\/vc_column][vc_column width=&#8221;1\/2&#8243;][\/vc_column][\/vc_row][vc_row style=&#8221;padding-top:0 !important; padding-bottom:0 !important&#8221;][vc_column width=&#8221;1\/1&#8243;][vc_btn title=&#8221;Voir tous les produits Suivez le guide&#8221; color=&#8221;warning&#8221; size=&#8221;lg&#8221; align=&#8221;center&#8221; link=&#8221;url:%2Fcategorie-produit%2Fsuivez-le-guide%2F||&#8221;][\/vc_column][\/vc_row][vc_row][vc_column width=&#8221;1\/1&#8243;][\/vc_column][\/vc_row]\" \/>\n<meta property=\"og:url\" content=\"https:\/\/www.biblioexpert.com\/classification-bibliotheque\/\" \/>\n<meta property=\"og:site_name\" content=\"Biblio Expert\" \/>\n<meta property=\"article:modified_time\" content=\"2023-08-30T00:07:30+00:00\" \/>\n<meta property=\"og:image\" content=\"https:\/\/www.biblioexpert.com\/wp-content\/uploads\/2015\/09\/logo_suivezguide.jpg\" \/>\n<meta name=\"twitter:label1\" content=\"Est. reading time\" \/>\n\t<meta name=\"twitter:data1\" content=\"3 minutes\" \/>\n<script type=\"application\/ld+json\" class=\"yoast-schema-graph\">{\"@context\":\"https:\/\/schema.org\",\"@graph\":[{\"@type\":\"WebSite\",\"@id\":\"https:\/\/www.biblioexpert.com\/#website\",\"url\":\"https:\/\/www.biblioexpert.com\/\",\"name\":\"Biblio Expert\",\"description\":\"Classification et organisation des biblioth\u00e8ques\",\"potentialAction\":[{\"@type\":\"SearchAction\",\"target\":{\"@type\":\"EntryPoint\",\"urlTemplate\":\"https:\/\/www.biblioexpert.com\/?s={search_term_string}\"},\"query-input\":\"required name=search_term_string\"}],\"inLanguage\":\"en-US\"},{\"@type\":\"ImageObject\",\"@id\":\"https:\/\/www.biblioexpert.com\/classification-bibliotheque\/#primaryimage\",\"inLanguage\":\"en-US\",\"url\":\"https:\/\/www.biblioexpert.com\/wp-content\/uploads\/2015\/09\/logo_suivezguide.jpg\",\"contentUrl\":\"https:\/\/www.biblioexpert.com\/wp-content\/uploads\/2015\/09\/logo_suivezguide.jpg\",\"width\":200,\"height\":80,\"caption\":\"Suivez le guide\"},{\"@type\":\"WebPage\",\"@id\":\"https:\/\/www.biblioexpert.com\/classification-bibliotheque\/#webpage\",\"url\":\"https:\/\/www.biblioexpert.com\/classification-bibliotheque\/\",\"name\":\"Biblio Expert - Classement de biblioth\u00e8que Suivez le guide\",\"isPartOf\":{\"@id\":\"https:\/\/www.biblioexpert.com\/#website\"},\"primaryImageOfPage\":{\"@id\":\"https:\/\/www.biblioexpert.com\/classification-bibliotheque\/#primaryimage\"},\"datePublished\":\"2015-09-04T14:51:36+00:00\",\"dateModified\":\"2023-08-30T00:07:30+00:00\",\"breadcrumb\":{\"@id\":\"https:\/\/www.biblioexpert.com\/classification-bibliotheque\/#breadcrumb\"},\"inLanguage\":\"en-US\",\"potentialAction\":[{\"@type\":\"ReadAction\",\"target\":[\"https:\/\/www.biblioexpert.com\/classification-bibliotheque\/\"]}]},{\"@type\":\"BreadcrumbList\",\"@id\":\"https:\/\/www.biblioexpert.com\/classification-bibliotheque\/#breadcrumb\",\"itemListElement\":[{\"@type\":\"ListItem\",\"position\":1,\"name\":\"Accueil\",\"item\":\"https:\/\/www.biblioexpert.com\/\"},{\"@type\":\"ListItem\",\"position\":2,\"name\":\"Suivez le guide!\"}]}]}<\/script>\n<!-- \/ Yoast SEO plugin. -->","yoast_head_json":{"title":"Biblio Expert - Classement de biblioth\u00e8que Suivez le guide","robots":{"index":"index","follow":"follow","max-snippet":"max-snippet:-1","max-image-preview":"max-image-preview:large","max-video-preview":"max-video-preview:-1"},"canonical":"https:\/\/www.biblioexpert.com\/classification-bibliotheque\/","og_locale":"en_US","og_type":"article","og_title":"Biblio Expert - Classement de biblioth\u00e8que Suivez le guide","og_description":"[vc_row style=&#8221;padding-bottom:0 !important&#8221;][vc_column width=&#8221;1\/1&#8243;][\/vc_column][\/vc_row][vc_row][vc_column width=&#8221;1\/1&#8243;][\/vc_column][\/vc_row][vc_row style=&#8221;padding-top:0 !important&#8221;][vc_column width=&#8221;1\/2&#8243;][\/vc_column][vc_column width=&#8221;1\/2&#8243;][\/vc_column][\/vc_row][vc_row style=&#8221;padding-top:0 !important; padding-bottom:0 !important&#8221;][vc_column width=&#8221;1\/1&#8243;][vc_btn title=&#8221;Voir tous les produits Suivez le guide&#8221; color=&#8221;warning&#8221; size=&#8221;lg&#8221; align=&#8221;center&#8221; link=&#8221;url:%2Fcategorie-produit%2Fsuivez-le-guide%2F||&#8221;][\/vc_column][\/vc_row][vc_row][vc_column width=&#8221;1\/1&#8243;][\/vc_column][\/vc_row]","og_url":"https:\/\/www.biblioexpert.com\/classification-bibliotheque\/","og_site_name":"Biblio Expert","article_modified_time":"2023-08-30T00:07:30+00:00","og_image":[{"url":"https:\/\/www.biblioexpert.com\/wp-content\/uploads\/2015\/09\/logo_suivezguide.jpg"}],"twitter_misc":{"Est. reading time":"3 minutes"},"schema":{"@context":"https:\/\/schema.org","@graph":[{"@type":"WebSite","@id":"https:\/\/www.biblioexpert.com\/#website","url":"https:\/\/www.biblioexpert.com\/","name":"Biblio Expert","description":"Classification et organisation des biblioth\u00e8ques","potentialAction":[{"@type":"SearchAction","target":{"@type":"EntryPoint","urlTemplate":"https:\/\/www.biblioexpert.com\/?s={search_term_string}"},"query-input":"required name=search_term_string"}],"inLanguage":"en-US"},{"@type":"ImageObject","@id":"https:\/\/www.biblioexpert.com\/classification-bibliotheque\/#primaryimage","inLanguage":"en-US","url":"https:\/\/www.biblioexpert.com\/wp-content\/uploads\/2015\/09\/logo_suivezguide.jpg","contentUrl":"https:\/\/www.biblioexpert.com\/wp-content\/uploads\/2015\/09\/logo_suivezguide.jpg","width":200,"height":80,"caption":"Suivez le guide"},{"@type":"WebPage","@id":"https:\/\/www.biblioexpert.com\/classification-bibliotheque\/#webpage","url":"https:\/\/www.biblioexpert.com\/classification-bibliotheque\/","name":"Biblio Expert - Classement de biblioth\u00e8que Suivez le guide","isPartOf":{"@id":"https:\/\/www.biblioexpert.com\/#website"},"primaryImageOfPage":{"@id":"https:\/\/www.biblioexpert.com\/classification-bibliotheque\/#primaryimage"},"datePublished":"2015-09-04T14:51:36+00:00","dateModified":"2023-08-30T00:07:30+00:00","breadcrumb":{"@id":"https:\/\/www.biblioexpert.com\/classification-bibliotheque\/#breadcrumb"},"inLanguage":"en-US","potentialAction":[{"@type":"ReadAction","target":["https:\/\/www.biblioexpert.com\/classification-bibliotheque\/"]}]},{"@type":"BreadcrumbList","@id":"https:\/\/www.biblioexpert.com\/classification-bibliotheque\/#breadcrumb","itemListElement":[{"@type":"ListItem","position":1,"name":"Accueil","item":"https:\/\/www.biblioexpert.com\/"},{"@type":"ListItem","position":2,"name":"Suivez le guide!"}]}]}},"_links":{"self":[{"href":"https:\/\/www.biblioexpert.com\/en\/wp-json\/wp\/v2\/pages\/138"}],"collection":[{"href":"https:\/\/www.biblioexpert.com\/en\/wp-json\/wp\/v2\/pages"}],"about":[{"href":"https:\/\/www.biblioexpert.com\/en\/wp-json\/wp\/v2\/types\/page"}],"author":[{"embeddable":true,"href":"https:\/\/www.biblioexpert.com\/en\/wp-json\/wp\/v2\/users\/5"}],"replies":[{"embeddable":true,"href":"https:\/\/www.biblioexpert.com\/en\/wp-json\/wp\/v2\/comments?post=138"}],"version-history":[{"count":0,"href":"https:\/\/www.biblioexpert.com\/en\/wp-json\/wp\/v2\/pages\/138\/revisions"}],"wp:attachment":[{"href":"https:\/\/www.biblioexpert.com\/en\/wp-json\/wp\/v2\/media?parent=138"}],"curies":[{"name":"wp","href":"https:\/\/api.w.org\/{rel}","templated":true}]}}