{"id":28,"date":"2014-12-23T02:50:43","date_gmt":"2014-12-23T02:50:43","guid":{"rendered":"https:\/\/www.biblioexpert.com\/?page_id=28"},"modified":"2023-04-25T14:27:14","modified_gmt":"2023-04-25T18:27:14","slug":"services-bibliotheque","status":"publish","type":"page","link":"https:\/\/www.biblioexpert.com\/en\/services-bibliotheque\/","title":{"rendered":"Services"},"content":{"rendered":"[vc_row no_margin=&#8221;true&#8221; border=&#8221;none&#8221;][vc_column width=&#8221;1\/1&#8243;]<h1  class=\"h-custom-headline special center-text h3 accent\" ><span>\n<p>Services aux biblioth\u00e8ques<\/p>\n<\/span><\/h1><hr  class=\"x-gap\" style=\"margin: 20px 0 0 0;\"><p><strong><a href=\"https:\/\/www.biblioexpert.com\/wp-content\/uploads\/2014\/12\/DSCF3414.jpg\"><img loading=\"lazy\" class=\"nicepic wp-image-762 size-medium alignleft\" src=\"https:\/\/www.biblioexpert.com\/wp-content\/uploads\/2014\/12\/DSCF3414-300x241.jpg\" alt=\"\" width=\"300\" height=\"241\" srcset=\"https:\/\/www.biblioexpert.com\/wp-content\/uploads\/2014\/12\/DSCF3414-300x241.jpg 300w, https:\/\/www.biblioexpert.com\/wp-content\/uploads\/2014\/12\/DSCF3414-100x80.jpg 100w, https:\/\/www.biblioexpert.com\/wp-content\/uploads\/2014\/12\/DSCF3414-881x707.jpg 881w, https:\/\/www.biblioexpert.com\/wp-content\/uploads\/2014\/12\/DSCF3414-1000x802.jpg 1000w, https:\/\/www.biblioexpert.com\/wp-content\/uploads\/2014\/12\/DSCF3414.jpg 1017w\" sizes=\"(max-width: 300px) 100vw, 300px\" \/><\/a><\/strong><\/p>\n<p>Chez <strong>Biblio Expert<\/strong>, nous vous offrons des conseils gratuits sur l\u2019ensemble de vos besoins mat\u00e9riels et sur l\u2019organisation du travail de d\u00e9marrage ou de r\u00e9organisation de votre biblioth\u00e8que.<\/p>\n<p><hr  class=\"x-clear\" ><\/p>\n<p>Nous proposons des s\u00e9ances de formation du personnel sur place ou par Web conf\u00e9rence sur\u00a0les sujets suivants:<\/p>\n<ul>\n<li>L\u2019installation des signalisations, <a href=\"\/biblio-visuel\/\"><strong>Biblio Visuel<\/strong><\/a> ou <a href=\"\/classification-bibliotheque\/\"><strong>Suivez le Guide<\/strong><\/a><strong> !<\/strong><\/li>\n<li>Le classement des documents, personnalis\u00e9 \u00e0 vos besoins, votre client\u00e8le et vos locaux,<\/li>\n<li>L&#8217;organisation du travail de d\u00e9marrage ou de r\u00e9organisation de la biblioth\u00e8que.<\/li>\n<\/ul>\n<p>Notre force, c\u2019est notre aisance \u00e0 soigner les nombreux d\u00e9tails m\u00e9thodiques pour vous faciliter la vie.<\/p>\n<p><a href=\"\/contact\/\">Pour commander l\u2019\u00e9valuation des frais de nos services de formation, \u00e9crivez-nous \u00e0<\/a>\u00a0 <a href=\"mailto:info@biblioexpert.com\">info@biblioexpert.com<\/a><\/p>\n[\/vc_column][\/vc_row]\n","protected":false},"excerpt":{"rendered":"<p>[vc_row no_margin=&#8221;true&#8221; border=&#8221;none&#8221;][vc_column width=&#8221;1\/1&#8243;][\/vc_column][\/vc_row]<\/p>\n","protected":false},"author":1,"featured_media":0,"parent":0,"menu_order":20,"comment_status":"closed","ping_status":"closed","template":"template-layout-content-sidebar.php","meta":[],"yoast_head":"<!-- This site is optimized with the Yoast SEO plugin v18.5.1 - https:\/\/yoast.com\/wordpress\/plugins\/seo\/ -->\n<title>Biblio Expert - Nos services<\/title>\n<meta name=\"description\" content=\"Expert en classification visuelle des documents et en organisation des biblioth\u00e8ques\" \/>\n<meta name=\"robots\" content=\"index, follow, max-snippet:-1, max-image-preview:large, max-video-preview:-1\" \/>\n<link rel=\"canonical\" href=\"https:\/\/www.biblioexpert.com\/services-bibliotheque\/\" \/>\n<meta property=\"og:locale\" content=\"en_US\" \/>\n<meta property=\"og:type\" content=\"article\" \/>\n<meta property=\"og:title\" content=\"Biblio Expert - Nos services\" \/>\n<meta property=\"og:description\" content=\"Expert en classification visuelle des documents et en organisation des biblioth\u00e8ques\" \/>\n<meta property=\"og:url\" content=\"https:\/\/www.biblioexpert.com\/services-bibliotheque\/\" \/>\n<meta property=\"og:site_name\" content=\"Biblio Expert\" \/>\n<meta property=\"article:modified_time\" content=\"2023-04-25T18:27:14+00:00\" \/>\n<meta property=\"og:image\" content=\"https:\/\/www.biblioexpert.com\/wp-content\/uploads\/2014\/12\/DSCF3414-300x241.jpg\" \/>\n<meta name=\"twitter:label1\" content=\"Est. reading time\" \/>\n\t<meta name=\"twitter:data1\" content=\"1 minute\" \/>\n<script type=\"application\/ld+json\" class=\"yoast-schema-graph\">{\"@context\":\"https:\/\/schema.org\",\"@graph\":[{\"@type\":\"WebSite\",\"@id\":\"https:\/\/www.biblioexpert.com\/#website\",\"url\":\"https:\/\/www.biblioexpert.com\/\",\"name\":\"Biblio Expert\",\"description\":\"Classification et organisation des biblioth\u00e8ques\",\"potentialAction\":[{\"@type\":\"SearchAction\",\"target\":{\"@type\":\"EntryPoint\",\"urlTemplate\":\"https:\/\/www.biblioexpert.com\/?s={search_term_string}\"},\"query-input\":\"required name=search_term_string\"}],\"inLanguage\":\"en-US\"},{\"@type\":\"ImageObject\",\"@id\":\"https:\/\/www.biblioexpert.com\/services-bibliotheque\/#primaryimage\",\"inLanguage\":\"en-US\",\"url\":\"https:\/\/www.biblioexpert.com\/wp-content\/uploads\/2014\/12\/DSCF3414.jpg\",\"contentUrl\":\"https:\/\/www.biblioexpert.com\/wp-content\/uploads\/2014\/12\/DSCF3414.jpg\",\"width\":1017,\"height\":816},{\"@type\":\"WebPage\",\"@id\":\"https:\/\/www.biblioexpert.com\/services-bibliotheque\/#webpage\",\"url\":\"https:\/\/www.biblioexpert.com\/services-bibliotheque\/\",\"name\":\"Biblio Expert - Nos services\",\"isPartOf\":{\"@id\":\"https:\/\/www.biblioexpert.com\/#website\"},\"primaryImageOfPage\":{\"@id\":\"https:\/\/www.biblioexpert.com\/services-bibliotheque\/#primaryimage\"},\"datePublished\":\"2014-12-23T02:50:43+00:00\",\"dateModified\":\"2023-04-25T18:27:14+00:00\",\"description\":\"Expert en classification visuelle des documents et en organisation des biblioth\u00e8ques\",\"breadcrumb\":{\"@id\":\"https:\/\/www.biblioexpert.com\/services-bibliotheque\/#breadcrumb\"},\"inLanguage\":\"en-US\",\"potentialAction\":[{\"@type\":\"ReadAction\",\"target\":[\"https:\/\/www.biblioexpert.com\/services-bibliotheque\/\"]}]},{\"@type\":\"BreadcrumbList\",\"@id\":\"https:\/\/www.biblioexpert.com\/services-bibliotheque\/#breadcrumb\",\"itemListElement\":[{\"@type\":\"ListItem\",\"position\":1,\"name\":\"Accueil\",\"item\":\"https:\/\/www.biblioexpert.com\/\"},{\"@type\":\"ListItem\",\"position\":2,\"name\":\"Services\"}]}]}<\/script>\n<!-- \/ Yoast SEO plugin. -->","yoast_head_json":{"title":"Biblio Expert - Nos services","description":"Expert en classification visuelle des documents et en organisation des biblioth\u00e8ques","robots":{"index":"index","follow":"follow","max-snippet":"max-snippet:-1","max-image-preview":"max-image-preview:large","max-video-preview":"max-video-preview:-1"},"canonical":"https:\/\/www.biblioexpert.com\/services-bibliotheque\/","og_locale":"en_US","og_type":"article","og_title":"Biblio Expert - Nos services","og_description":"Expert en classification visuelle des documents et en organisation des biblioth\u00e8ques","og_url":"https:\/\/www.biblioexpert.com\/services-bibliotheque\/","og_site_name":"Biblio Expert","article_modified_time":"2023-04-25T18:27:14+00:00","og_image":[{"url":"https:\/\/www.biblioexpert.com\/wp-content\/uploads\/2014\/12\/DSCF3414-300x241.jpg"}],"twitter_misc":{"Est. reading time":"1 minute"},"schema":{"@context":"https:\/\/schema.org","@graph":[{"@type":"WebSite","@id":"https:\/\/www.biblioexpert.com\/#website","url":"https:\/\/www.biblioexpert.com\/","name":"Biblio Expert","description":"Classification et organisation des biblioth\u00e8ques","potentialAction":[{"@type":"SearchAction","target":{"@type":"EntryPoint","urlTemplate":"https:\/\/www.biblioexpert.com\/?s={search_term_string}"},"query-input":"required name=search_term_string"}],"inLanguage":"en-US"},{"@type":"ImageObject","@id":"https:\/\/www.biblioexpert.com\/services-bibliotheque\/#primaryimage","inLanguage":"en-US","url":"https:\/\/www.biblioexpert.com\/wp-content\/uploads\/2014\/12\/DSCF3414.jpg","contentUrl":"https:\/\/www.biblioexpert.com\/wp-content\/uploads\/2014\/12\/DSCF3414.jpg","width":1017,"height":816},{"@type":"WebPage","@id":"https:\/\/www.biblioexpert.com\/services-bibliotheque\/#webpage","url":"https:\/\/www.biblioexpert.com\/services-bibliotheque\/","name":"Biblio Expert - Nos services","isPartOf":{"@id":"https:\/\/www.biblioexpert.com\/#website"},"primaryImageOfPage":{"@id":"https:\/\/www.biblioexpert.com\/services-bibliotheque\/#primaryimage"},"datePublished":"2014-12-23T02:50:43+00:00","dateModified":"2023-04-25T18:27:14+00:00","description":"Expert en classification visuelle des documents et en organisation des biblioth\u00e8ques","breadcrumb":{"@id":"https:\/\/www.biblioexpert.com\/services-bibliotheque\/#breadcrumb"},"inLanguage":"en-US","potentialAction":[{"@type":"ReadAction","target":["https:\/\/www.biblioexpert.com\/services-bibliotheque\/"]}]},{"@type":"BreadcrumbList","@id":"https:\/\/www.biblioexpert.com\/services-bibliotheque\/#breadcrumb","itemListElement":[{"@type":"ListItem","position":1,"name":"Accueil","item":"https:\/\/www.biblioexpert.com\/"},{"@type":"ListItem","position":2,"name":"Services"}]}]}},"_links":{"self":[{"href":"https:\/\/www.biblioexpert.com\/en\/wp-json\/wp\/v2\/pages\/28"}],"collection":[{"href":"https:\/\/www.biblioexpert.com\/en\/wp-json\/wp\/v2\/pages"}],"about":[{"href":"https:\/\/www.biblioexpert.com\/en\/wp-json\/wp\/v2\/types\/page"}],"author":[{"embeddable":true,"href":"https:\/\/www.biblioexpert.com\/en\/wp-json\/wp\/v2\/users\/1"}],"replies":[{"embeddable":true,"href":"https:\/\/www.biblioexpert.com\/en\/wp-json\/wp\/v2\/comments?post=28"}],"version-history":[{"count":0,"href":"https:\/\/www.biblioexpert.com\/en\/wp-json\/wp\/v2\/pages\/28\/revisions"}],"wp:attachment":[{"href":"https:\/\/www.biblioexpert.com\/en\/wp-json\/wp\/v2\/media?parent=28"}],"curies":[{"name":"wp","href":"https:\/\/api.w.org\/{rel}","templated":true}]}}