{"id":97,"date":"2015-08-26T22:21:42","date_gmt":"2015-08-27T02:21:42","guid":{"rendered":"https:\/\/www.biblioexpert.com\/?page_id=97"},"modified":"2023-05-04T10:25:11","modified_gmt":"2023-05-04T14:25:11","slug":"biblio-visuel","status":"publish","type":"page","link":"https:\/\/www.biblioexpert.com\/en\/biblio-visuel\/","title":{"rendered":"Biblio Visuel"},"content":{"rendered":"[vc_row style=&#8221;padding-bottom:0 !important&#8221;][vc_column width=&#8221;1\/1&#8243;]<h1  class=\"h-custom-headline special center-text h3 accent\" ><span>\n<p><img loading=\"lazy\" class=\"alignnone size-full wp-image-137\" src=\"https:\/\/www.biblioexpert.com\/wp-content\/uploads\/2015\/08\/logo_bibliovisuel.jpg\" alt=\"Biblio Visuel\" width=\"200\" height=\"80\" srcset=\"https:\/\/www.biblioexpert.com\/wp-content\/uploads\/2015\/08\/logo_bibliovisuel.jpg 200w, https:\/\/www.biblioexpert.com\/wp-content\/uploads\/2015\/08\/logo_bibliovisuel-100x40.jpg 100w\" sizes=\"(max-width: 200px) 100vw, 200px\" \/><\/p>\n<\/span><\/h1><h3  class=\"h-custom-headline center-text h4\" ><span><em>Des outils de signalisation illustr\u00e9s\u00a0qui expliquent la Classification D\u00e9cimale Dewey aux enfants<\/em><\/span><\/h3>[\/vc_column][\/vc_row][vc_row style=&#8221;margin-bottom:0px !important&#8221;][vc_column width=&#8221;1\/1&#8243;]<img  class=\"x-img none\"  src=\"https:\/\/www.biblioexpert.com\/wp-content\/uploads\/2021\/12\/photosBV-du-RollUp.jpg\" ><p style=\"text-align: center;\"><strong>Simple, illustr\u00e9, efficace!<\/strong><\/p>\n<p>Biblio Visuel c&#8217;est un ensemble <strong>d&#8217;outils de signalisation qui guident efficacement les enfants<\/strong> dans leurs recherches de documents sur les rayons \u00e0 la biblioth\u00e8que.<\/p>\n<p>Cette trousse d&#8217;affiches, d&#8217;\u00e9tiquettes de tablette et de vignettes-livres <strong>illustrent clairement<\/strong> chaque classe et division de <strong>la classification d\u00e9cimale Dewey<\/strong>*, abr\u00e9g\u00e9e pour les besoins des enfants.<\/p>\n<p>Elle vous permet d&#8217;identifier et de classer visuellement sur chaque rayon tous les livres de votre collection.<\/p>\n<p>Biblio Visuel <strong>facilite le travail du personnel<\/strong> pr\u00e9pos\u00e9 au support des usagers et au reclassement des livres.<\/p>\n<p>Tous les outils sont offerts <strong>en version imprim\u00e9e ou en format num\u00e9rique \u00e0 imprimer vous-m\u00eame<\/strong>.\u00a0 \u00a0Ils sont aussi disponibles en anglais.<\/p>\n<p>L&#8217;ensemble des outils affich\u00e9s cr\u00e9e une ambiance s\u00e9curisante pour les jeunes lecteurs.\u00a0 Stimulez leur int\u00e9r\u00eat et<strong> favorisez leur autonomie<\/strong> en jumelant ces atouts indispensables \u00e0 votre classification.<\/p>\n<p>Nous offrons des solutions enti\u00e8rement adapt\u00e9es \u00e0 vos besoins, petites ou grandes biblioth\u00e8ques.<\/p>\n<p>Contactez-nous sans h\u00e9siter au 514 703 7598 ou <a href=\"mailto:info@biblioexpert.com\">info@biblioexpert.com<\/a><\/p>\n[\/vc_column][\/vc_row][vc_row][vc_column width=&#8221;1\/2&#8243;]<img  class=\"x-img\"  src=\"https:\/\/www.biblioexpert.com\/wp-content\/uploads\/2015\/09\/DSC2735.jpg\" >[\/vc_column][vc_column width=&#8221;1\/2&#8243;]<p><strong>Conforme \u00e0 la classification Dewey*,<\/strong> mais abr\u00e9g\u00e9e, Biblio Visuel utilise un langage visuel bas\u00e9 sur les images, les couleurs et les formes.<\/p>\n<p>La qualit\u00e9 des illustrations, qu&#8217;on doit au style d\u00e9gag\u00e9 et amusant de <strong>Philippe B\u00e9ha<\/strong>, donne beaucoup de charme au mat\u00e9riel.<\/p>\n<h5>L&#8217;image<\/h5>\n<p>C&#8217;est tout simple ! Chacune des grandes classes et chacune des divisions, est identifi\u00e9e par une illustration simple, <strong>si facile \u00e0 d\u00e9coder<\/strong> que bien vite, l&#8217;enfant la consid\u00e8re comme un symbole universel. L&#8217;image se r\u00e9p\u00e8te sur chaque outil \u00e0 partir de la grande affiche, qui sert de plan de la biblioth\u00e8que, jusqu&#8217;au document,<strong> facilitant ainsi le parcours de recherche.<\/strong><\/p>\n<h5>La couleur<\/h5>\n<p>Une couleur pr\u00e9cise est assign\u00e9e \u00e0 chaque classe Dewey*, cr\u00e9ant un code de couleurs qui devient pour l&#8217;enfant une cl\u00e9 importante. L&#8217;utilisation de la couleur permet aussi de<strong> rep\u00e9rer rapidement un livre mal class\u00e9<\/strong>.<\/p>\n<h5>Les formes<\/h5>\n<p>Toutes les illustrations de la m\u00e9thode Biblio Visuel habitent une forme g\u00e9om\u00e9trique : carr\u00e9, cercle ou triangle. Cette forme nous renseigne sur le genre des ouvrages de chaque division.<\/p>\n[\/vc_column][\/vc_row][vc_row no_margin=&#8221;true&#8221;][vc_column width=&#8221;1\/1&#8243;]<img  class=\"x-img\"  src=\"https:\/\/www.biblioexpert.com\/wp-content\/uploads\/2022\/03\/Ensemble_BV_2022_MockupV1.jpg\" ><p style=\"text-align: center;\"><span style=\"color: #000000;\"><strong>Biblio Visuel 2.0 &#8211; licence d&#8217;impression<\/strong><\/span><\/p>\n<p style=\"text-align: left;\">Une nouvelle version modernis\u00e9e de la signalisation, Biblio Visuel 2.0, est maintenant offerte en format num\u00e9rique sous licence d&#8217;impression.\u00a0 \u00a0 Elle vous permet d\u2019imprimer vous-m\u00eames tous les outils illustr\u00e9s pour la biblioth\u00e8que des enfants, en quantit\u00e9 illimit\u00e9e pour votre institution.<\/p>\n<p>Profitez de ses pr\u00e9cieux avantages\u00a0:<\/p>\n<ul>\n<li>Acc\u00e8s au mat\u00e9riel sans commande ni d\u00e9lai,<\/li>\n<li>Formule beaucoup plus \u00e9conomique,<\/li>\n<li>Plus \u00e9cologique (<em>moins de transport polluant<\/em>),<\/li>\n<li>Conviviale et autonome,<\/li>\n<li>Choix des mat\u00e9riaux du support d\u2019impression,<\/li>\n<li>Tout \u00e0 fait compatible avec la premi\u00e8re version imprim\u00e9e,<\/li>\n<li>Nouveau graphisme, ajout de 6 nouvelles divisions, mise \u00e0 jour de quelques illustrations et de certains titres des classes et divisions.<\/li>\n<\/ul>\n<h2  class=\"h-custom-headline center-text h4 accent\" ><span><em>B\u00e9n\u00e9ficiez d\u00e8s maintenant des avantages exceptionnels<\/em><br \/>\n<em>de ces outils indispensables<\/em><\/span><\/h2><div  class=\"x-accordion\" ><div  class=\"x-accordion-group\" ><div class=\"x-accordion-heading\"><a class=\"x-accordion-toggle collapsed\" data-toggle=\"collapse\"  href=\"#collapse-1\">Autonomie des enfants lors de leurs recherches de documents<\/a><\/div><div id=\"collapse-1\" class=\"accordion-body collapse\"><div class=\"x-accordion-inner\">\n<p>All\u00e9gez l\u2019ambiance dans votre biblioth\u00e8que, faites en un endroit familier, s\u00e9curisant et infiniment plus attrayant pour les enfants en leur offrant le plaisir d\u2019une recherche documentaire autonome enti\u00e8rement guid\u00e9e par les affiches illustrant la classification Dewey* simplifi\u00e9e.<\/p>\n<\/div><\/div><\/div><div  class=\"x-accordion-group\" ><div class=\"x-accordion-heading\"><a class=\"x-accordion-toggle collapsed\" data-toggle=\"collapse\"  href=\"#collapse-2\">Simplifiez le travail des techniciens(nes), pr\u00e9pos\u00e9s(es) et b\u00e9n\u00e9voles<\/a><\/div><div id=\"collapse-2\" class=\"accordion-body collapse\"><div class=\"x-accordion-inner\">\n<p>Am\u00e9liorez votre qualit\u00e9 de vie au travail. Simplifiez-vous la t\u00e2che du reclassement des livres et acc\u00e9l\u00e9rez votre rendement avec des outils efficaces. Vous aurez plus de temps \u00e0 consacrer \u00e0 des projets qui vous tiennent \u00e0 c\u0153ur.<\/p>\n<\/div><\/div><\/div><div  class=\"x-accordion-group\" ><div class=\"x-accordion-heading\"><a class=\"x-accordion-toggle collapsed\" data-toggle=\"collapse\"  href=\"#collapse-3\">\u00c9vitez de perdre des documents<\/a><\/div><div id=\"collapse-3\" class=\"accordion-body collapse\"><div class=\"x-accordion-inner\">\n<p>Vous est-il d\u00e9j\u00e0 arriv\u00e9 de chercher un livre pendant des heures et des jours alors qu\u2019il avait \u00e9t\u00e9 d\u00e9plac\u00e9 dans la biblioth\u00e8que ? Favorisez une lecture des rayons plus rapide et efficace en utilisant les vignettes Biblio Visuel \u00e0 coller sur les livres. \u00c9vitez ainsi d\u2019\u00e9garer temporairement des documents; \u00e9conomisez votre temps et vos \u00e9nergies.<\/p>\n<\/div><\/div><\/div><div  class=\"x-accordion-group\" ><div class=\"x-accordion-heading\"><a class=\"x-accordion-toggle collapsed\" data-toggle=\"collapse\"  href=\"#collapse-4\">Augmentez la popularit\u00e9 de votre biblioth\u00e8que = plus de lecteurs r\u00e9guliers<\/a><\/div><div id=\"collapse-4\" class=\"accordion-body collapse\"><div class=\"x-accordion-inner\">\n<p>Constatez le succ\u00e8s de votre biblioth\u00e8que par l\u2019augmentation de fr\u00e9quentations parce que les outils de classement Biblio Visuel, illustr\u00e9s par Philippe B\u00e9ha int\u00e9ressent les enfants, les attirent et les amusent.<\/p>\n<\/div><\/div><\/div><div  class=\"x-accordion-group\" ><div class=\"x-accordion-heading\"><a class=\"x-accordion-toggle collapsed\" data-toggle=\"collapse\"  href=\"#collapse-5\">Favorisez l\u2019apprentissage de la classification d\u00e9cimale Dewey*<\/a><\/div><div id=\"collapse-5\" class=\"accordion-body collapse\"><div class=\"x-accordion-inner\">\n<p>B\u00e9n\u00e9ficiez des attraits de ce mat\u00e9riel de communication visuelle pour encourager votre client\u00e8le d\u2019enfants \u00e0 d\u00e9couvrir et mieux comprendre la classification d\u00e9cimale Dewey*. De plus, profitez de la simplicit\u00e9 de cette m\u00e9thode \u00e9ducative de classement des livres de biblioth\u00e8que pour former votre personnel b\u00e9n\u00e9vole ou non initi\u00e9.<\/p>\n<\/div><\/div><\/div><div  class=\"x-accordion-group\" ><div class=\"x-accordion-heading\"><a class=\"x-accordion-toggle collapsed\" data-toggle=\"collapse\"  href=\"#collapse-6\">\u00c9conomies de temps = plus $$ = succ\u00e8s<\/a><\/div><div id=\"collapse-6\" class=\"accordion-body collapse\"><div class=\"x-accordion-inner\">\n<p>Comme vous le constaterez, votre client\u00e8le deviendra plus autonome et vous n\u2019aurez plus besoin de lui tenir la main. Vous sauverez alors beaucoup de temps et d\u2019\u00e9nergies au travail des employ\u00e9s par l\u2019efficacit\u00e9 de la classification des livres pour enfants, Biblio Visuel. Vous \u00e9conomiserez en engageant moins de personnel aux t\u00e2ches monotones et vous en profiterez pour privil\u00e9gier les activit\u00e9s d\u2019animation et la promotion de la lecture. Vos clients en seront plus heureux et vous serez en route vers le succ\u00e8s!<\/p>\n<\/div><\/div><\/div><div  class=\"x-accordion-group\" ><div class=\"x-accordion-heading\"><a class=\"x-accordion-toggle collapsed\" data-toggle=\"collapse\"  href=\"#collapse-7\">De plus<\/a><\/div><div id=\"collapse-7\" class=\"accordion-body collapse\"><div class=\"x-accordion-inner\">\n<ul>\n<li>S\u2019adapte \u00e0 toutes les biblioth\u00e8ques<\/li>\n<li>Vous pouvez l\u2019utiliser avec ou sans la c\u00f4te Dewey*<\/li>\n<li>Les enfants peuvent replacer leurs livres eux-m\u00eames<\/li>\n<li>Les outils s\u2019installent en un clin d\u2019\u0153il<\/li>\n<\/ul>\n<\/div><\/div><\/div><\/div>[\/vc_column][\/vc_row][vc_row style=&#8221;padding-top:20px; padding-bottom:0 !important&#8221;][vc_column width=&#8221;1\/1&#8243;]<h2  class=\"h-custom-headline h3\" ><span>\n<p style=\"text-align: center;\">Produits vedettes &#8220;Biblio Visuel&#8221;<\/p>\n<\/span><\/h2><hr  class=\"x-gap\" style=\"margin: 25px 0 0 0;\"><div class=\"woocommerce columns-4 \"><\/div>[vc_btn title=&#8221;Voir tous les produits Biblio Visuel&#8221; color=&#8221;warning&#8221; size=&#8221;lg&#8221; align=&#8221;center&#8221; link=&#8221;url:%2Fcategorie-produit%2Fbiblio-visuel%2F||&#8221;][\/vc_column][\/vc_row][vc_row][vc_column width=&#8221;1\/1&#8243;]<div  class=\"x-alert x-alert-info x-alert-block\" >\n<p>* DEWEY et la CLASSIFICATION DECIMALE DEWEY sont des marques de commerce,\u00a0propri\u00e9t\u00e9 de OCLC Online Computer Library Centre Inc.<\/p>\n<\/div>[\/vc_column][\/vc_row]\n","protected":false},"excerpt":{"rendered":"<p>[vc_row style=&#8221;padding-bottom:0 !important&#8221;][vc_column width=&#8221;1\/1&#8243;][\/vc_column][\/vc_row][vc_row style=&#8221;margin-bottom:0px !important&#8221;][vc_column width=&#8221;1\/1&#8243;][\/vc_column][\/vc_row][vc_row][vc_column width=&#8221;1\/2&#8243;][\/vc_column][vc_column width=&#8221;1\/2&#8243;][\/vc_column][\/vc_row][vc_row no_margin=&#8221;true&#8221;][vc_column width=&#8221;1\/1&#8243;][\/vc_column][\/vc_row][vc_row style=&#8221;padding-top:20px; padding-bottom:0 !important&#8221;][vc_column width=&#8221;1\/1&#8243;][vc_btn title=&#8221;Voir tous les produits Biblio Visuel&#8221; color=&#8221;warning&#8221; size=&#8221;lg&#8221; align=&#8221;center&#8221; link=&#8221;url:%2Fcategorie-produit%2Fbiblio-visuel%2F||&#8221;][\/vc_column][\/vc_row][vc_row][vc_column width=&#8221;1\/1&#8243;][\/vc_column][\/vc_row]<\/p>\n","protected":false},"author":1,"featured_media":10093,"parent":0,"menu_order":25,"comment_status":"closed","ping_status":"closed","template":"template-blank-1.php","meta":[],"yoast_head":"<!-- This site is optimized with the Yoast SEO plugin v18.5.1 - https:\/\/yoast.com\/wordpress\/plugins\/seo\/ -->\n<title>Biblio Expert - classement visuel pour biblioth\u00e8ques<\/title>\n<meta name=\"description\" content=\"Classification visuelle des livres pour enfants, conforme \u00e0 la classification d\u00e9cimale Dewey, abr\u00e9g\u00e9e. Simple, illustr\u00e9e, efficace !\" \/>\n<meta name=\"robots\" content=\"index, follow, max-snippet:-1, max-image-preview:large, max-video-preview:-1\" \/>\n<link rel=\"canonical\" href=\"https:\/\/www.biblioexpert.com\/biblio-visuel\/\" \/>\n<meta property=\"og:locale\" content=\"en_US\" \/>\n<meta property=\"og:type\" content=\"article\" \/>\n<meta property=\"og:title\" content=\"Biblio Expert - classement visuel pour biblioth\u00e8ques\" \/>\n<meta property=\"og:description\" content=\"Classification visuelle des livres pour enfants, conforme \u00e0 la classification d\u00e9cimale Dewey, abr\u00e9g\u00e9e. Simple, illustr\u00e9e, efficace !\" \/>\n<meta property=\"og:url\" content=\"https:\/\/www.biblioexpert.com\/biblio-visuel\/\" \/>\n<meta property=\"og:site_name\" content=\"Biblio Expert\" \/>\n<meta property=\"article:modified_time\" content=\"2023-05-04T14:25:11+00:00\" \/>\n<meta property=\"og:image\" content=\"https:\/\/www.biblioexpert.com\/wp-content\/uploads\/2021\/12\/photosBV-du-RollUp.jpg\" \/>\n\t<meta property=\"og:image:width\" content=\"1200\" \/>\n\t<meta property=\"og:image:height\" content=\"585\" \/>\n\t<meta property=\"og:image:type\" content=\"image\/jpeg\" \/>\n<meta name=\"twitter:label1\" content=\"Est. reading time\" \/>\n\t<meta name=\"twitter:data1\" content=\"5 minutes\" \/>\n<script type=\"application\/ld+json\" class=\"yoast-schema-graph\">{\"@context\":\"https:\/\/schema.org\",\"@graph\":[{\"@type\":\"WebSite\",\"@id\":\"https:\/\/www.biblioexpert.com\/#website\",\"url\":\"https:\/\/www.biblioexpert.com\/\",\"name\":\"Biblio Expert\",\"description\":\"Classification et organisation des biblioth\u00e8ques\",\"potentialAction\":[{\"@type\":\"SearchAction\",\"target\":{\"@type\":\"EntryPoint\",\"urlTemplate\":\"https:\/\/www.biblioexpert.com\/?s={search_term_string}\"},\"query-input\":\"required name=search_term_string\"}],\"inLanguage\":\"en-US\"},{\"@type\":\"ImageObject\",\"@id\":\"https:\/\/www.biblioexpert.com\/biblio-visuel\/#primaryimage\",\"inLanguage\":\"en-US\",\"url\":\"https:\/\/www.biblioexpert.com\/wp-content\/uploads\/2021\/12\/photosBV-du-RollUp.jpg\",\"contentUrl\":\"https:\/\/www.biblioexpert.com\/wp-content\/uploads\/2021\/12\/photosBV-du-RollUp.jpg\",\"width\":1200,\"height\":585},{\"@type\":\"WebPage\",\"@id\":\"https:\/\/www.biblioexpert.com\/biblio-visuel\/#webpage\",\"url\":\"https:\/\/www.biblioexpert.com\/biblio-visuel\/\",\"name\":\"Biblio Expert - classement visuel pour biblioth\u00e8ques\",\"isPartOf\":{\"@id\":\"https:\/\/www.biblioexpert.com\/#website\"},\"primaryImageOfPage\":{\"@id\":\"https:\/\/www.biblioexpert.com\/biblio-visuel\/#primaryimage\"},\"datePublished\":\"2015-08-27T02:21:42+00:00\",\"dateModified\":\"2023-05-04T14:25:11+00:00\",\"description\":\"Classification visuelle des livres pour enfants, conforme \u00e0 la classification d\u00e9cimale Dewey, abr\u00e9g\u00e9e. Simple, illustr\u00e9e, efficace !\",\"breadcrumb\":{\"@id\":\"https:\/\/www.biblioexpert.com\/biblio-visuel\/#breadcrumb\"},\"inLanguage\":\"en-US\",\"potentialAction\":[{\"@type\":\"ReadAction\",\"target\":[\"https:\/\/www.biblioexpert.com\/biblio-visuel\/\"]}]},{\"@type\":\"BreadcrumbList\",\"@id\":\"https:\/\/www.biblioexpert.com\/biblio-visuel\/#breadcrumb\",\"itemListElement\":[{\"@type\":\"ListItem\",\"position\":1,\"name\":\"Accueil\",\"item\":\"https:\/\/www.biblioexpert.com\/\"},{\"@type\":\"ListItem\",\"position\":2,\"name\":\"Biblio Visuel\"}]}]}<\/script>\n<!-- \/ Yoast SEO plugin. -->","yoast_head_json":{"title":"Biblio Expert - classement visuel pour biblioth\u00e8ques","description":"Classification visuelle des livres pour enfants, conforme \u00e0 la classification d\u00e9cimale Dewey, abr\u00e9g\u00e9e. Simple, illustr\u00e9e, efficace !","robots":{"index":"index","follow":"follow","max-snippet":"max-snippet:-1","max-image-preview":"max-image-preview:large","max-video-preview":"max-video-preview:-1"},"canonical":"https:\/\/www.biblioexpert.com\/biblio-visuel\/","og_locale":"en_US","og_type":"article","og_title":"Biblio Expert - classement visuel pour biblioth\u00e8ques","og_description":"Classification visuelle des livres pour enfants, conforme \u00e0 la classification d\u00e9cimale Dewey, abr\u00e9g\u00e9e. Simple, illustr\u00e9e, efficace !","og_url":"https:\/\/www.biblioexpert.com\/biblio-visuel\/","og_site_name":"Biblio Expert","article_modified_time":"2023-05-04T14:25:11+00:00","og_image":[{"width":1200,"height":585,"url":"https:\/\/www.biblioexpert.com\/wp-content\/uploads\/2021\/12\/photosBV-du-RollUp.jpg","type":"image\/jpeg"}],"twitter_misc":{"Est. reading time":"5 minutes"},"schema":{"@context":"https:\/\/schema.org","@graph":[{"@type":"WebSite","@id":"https:\/\/www.biblioexpert.com\/#website","url":"https:\/\/www.biblioexpert.com\/","name":"Biblio Expert","description":"Classification et organisation des biblioth\u00e8ques","potentialAction":[{"@type":"SearchAction","target":{"@type":"EntryPoint","urlTemplate":"https:\/\/www.biblioexpert.com\/?s={search_term_string}"},"query-input":"required name=search_term_string"}],"inLanguage":"en-US"},{"@type":"ImageObject","@id":"https:\/\/www.biblioexpert.com\/biblio-visuel\/#primaryimage","inLanguage":"en-US","url":"https:\/\/www.biblioexpert.com\/wp-content\/uploads\/2021\/12\/photosBV-du-RollUp.jpg","contentUrl":"https:\/\/www.biblioexpert.com\/wp-content\/uploads\/2021\/12\/photosBV-du-RollUp.jpg","width":1200,"height":585},{"@type":"WebPage","@id":"https:\/\/www.biblioexpert.com\/biblio-visuel\/#webpage","url":"https:\/\/www.biblioexpert.com\/biblio-visuel\/","name":"Biblio Expert - classement visuel pour biblioth\u00e8ques","isPartOf":{"@id":"https:\/\/www.biblioexpert.com\/#website"},"primaryImageOfPage":{"@id":"https:\/\/www.biblioexpert.com\/biblio-visuel\/#primaryimage"},"datePublished":"2015-08-27T02:21:42+00:00","dateModified":"2023-05-04T14:25:11+00:00","description":"Classification visuelle des livres pour enfants, conforme \u00e0 la classification d\u00e9cimale Dewey, abr\u00e9g\u00e9e. Simple, illustr\u00e9e, efficace !","breadcrumb":{"@id":"https:\/\/www.biblioexpert.com\/biblio-visuel\/#breadcrumb"},"inLanguage":"en-US","potentialAction":[{"@type":"ReadAction","target":["https:\/\/www.biblioexpert.com\/biblio-visuel\/"]}]},{"@type":"BreadcrumbList","@id":"https:\/\/www.biblioexpert.com\/biblio-visuel\/#breadcrumb","itemListElement":[{"@type":"ListItem","position":1,"name":"Accueil","item":"https:\/\/www.biblioexpert.com\/"},{"@type":"ListItem","position":2,"name":"Biblio Visuel"}]}]}},"_links":{"self":[{"href":"https:\/\/www.biblioexpert.com\/en\/wp-json\/wp\/v2\/pages\/97"}],"collection":[{"href":"https:\/\/www.biblioexpert.com\/en\/wp-json\/wp\/v2\/pages"}],"about":[{"href":"https:\/\/www.biblioexpert.com\/en\/wp-json\/wp\/v2\/types\/page"}],"author":[{"embeddable":true,"href":"https:\/\/www.biblioexpert.com\/en\/wp-json\/wp\/v2\/users\/1"}],"replies":[{"embeddable":true,"href":"https:\/\/www.biblioexpert.com\/en\/wp-json\/wp\/v2\/comments?post=97"}],"version-history":[{"count":0,"href":"https:\/\/www.biblioexpert.com\/en\/wp-json\/wp\/v2\/pages\/97\/revisions"}],"wp:featuredmedia":[{"embeddable":true,"href":"https:\/\/www.biblioexpert.com\/en\/wp-json\/wp\/v2\/media\/10093"}],"wp:attachment":[{"href":"https:\/\/www.biblioexpert.com\/en\/wp-json\/wp\/v2\/media?parent=97"}],"curies":[{"name":"wp","href":"https:\/\/api.w.org\/{rel}","templated":true}]}}